{"id":3,"date":"2021-11-15T23:38:04","date_gmt":"2021-11-15T23:38:04","guid":{"rendered":"https:\/\/anastasiayasko.com\/?page_id=3"},"modified":"2022-01-08T18:03:59","modified_gmt":"2022-01-08T18:03:59","slug":"datenschutz","status":"publish","type":"page","link":"https:\/\/anastasiayasko.com\/en\/datenschutz\/","title":{"rendered":"Privacy Policy"},"content":{"rendered":"<h2 class=\"wp-block-heading\">Who we are<\/h2>\n\n\n\n<p>Our website address is: https:\/\/anastasiayasko.com<\/p>\n\n\n\n<p>Der Schutz Ihrer pers\u00f6nlichen Daten ist mir ein besonderes Anliegen. Ich verarbeiten Ihre Daten daher ausschlie\u00dflich auf Grundlage der gesetzlichen Bestimmungen (DSGVO, TKG 2003). In diesen Datenschutzinformationen informiere ich Sie \u00fcber die wichtigsten Aspekte der Datenverarbeitung im Rahmen dieser Website.<\/p>\n\n\n\n<p>Pers\u00f6nliche Daten (Name, Email-Adresse), die mittels Kontaktformular an mich \u00fcbermittelt werden, werden serverseitig nicht gespeichert. Jene Daten erreichen mich in Form einer herk\u00f6mmlichen Email und sind entsprechend nach Erhalt in meinem privaten Posteingang gespeichert und werden ohne Ihre ausdr\u00fcckliche Einwilligung nicht an Dritte weitergegeben.<\/p>\n\n\n\n<p>Der Seitenprovider erhebt Daten \u00fcber Zugriffe auf die Seite und speichert diese als \u201eServer-Logfiles\u201c ab. Folgende Daten werden so protokolliert:<\/p>\n\n\n\n<ul><li>Besuchte Website<\/li><li>Uhrzeit zum Zeitpunkt des Zugriffes<\/li><li>Menge der gesendeten Daten in Byte<\/li><li>Quelle\/Verweis, von welchem Sie auf die Seite gelangten<\/li><li>Verwendeter Browser<\/li><li>Verwendetes Betriebssystem<\/li><li>Verwendete IP-Adresse (ggf.: in anonymisierter Form)<\/li><\/ul>\n\n\n\n<p>Die erhobenen Daten dienen lediglich statistischen Auswertungen und zur Verbesserung der Website. Als Betreiber der Website behalte ich mir allerdings vor, die Server-Logfiles nachtr\u00e4glich zu \u00fcberpr\u00fcfen, sollten konkrete Anhaltspunkte auf eine rechtswidrige Nutzung hinweisen.<\/p>\n\n\n\n<p><\/p>","protected":false},"excerpt":{"rendered":"<p>Who we are Our website address is: https:\/\/anastasiayasko.com Der Schutz Ihrer pers\u00f6nlichen Daten ist mir ein besonderes Anliegen. Ich verarbeiten Ihre Daten daher ausschlie\u00dflich auf Grundlage der gesetzlichen Bestimmungen (DSGVO, TKG 2003). In diesen Datenschutzinformationen informiere ich Sie \u00fcber die [&hellip;]<\/p>","protected":false},"author":1,"featured_media":0,"parent":0,"menu_order":0,"comment_status":"closed","ping_status":"open","template":"","meta":{"footnotes":""},"_links":{"self":[{"href":"https:\/\/anastasiayasko.com\/en\/wp-json\/wp\/v2\/pages\/3"}],"collection":[{"href":"https:\/\/anastasiayasko.com\/en\/wp-json\/wp\/v2\/pages"}],"about":[{"href":"https:\/\/anastasiayasko.com\/en\/wp-json\/wp\/v2\/types\/page"}],"author":[{"embeddable":true,"href":"https:\/\/anastasiayasko.com\/en\/wp-json\/wp\/v2\/users\/1"}],"replies":[{"embeddable":true,"href":"https:\/\/anastasiayasko.com\/en\/wp-json\/wp\/v2\/comments?post=3"}],"version-history":[{"count":5,"href":"https:\/\/anastasiayasko.com\/en\/wp-json\/wp\/v2\/pages\/3\/revisions"}],"predecessor-version":[{"id":214,"href":"https:\/\/anastasiayasko.com\/en\/wp-json\/wp\/v2\/pages\/3\/revisions\/214"}],"wp:attachment":[{"href":"https:\/\/anastasiayasko.com\/en\/wp-json\/wp\/v2\/media?parent=3"}],"curies":[{"name":"wp","href":"https:\/\/api.w.org\/{rel}","templated":true}]}}